{"id":8652,"date":"2015-06-09T14:32:59","date_gmt":"2015-06-09T12:32:59","guid":{"rendered":"http:\/\/www.elmi-srl.com\/?page_id=8652&#038;lang=it"},"modified":"2016-03-23T13:31:59","modified_gmt":"2016-03-23T12:31:59","slug":"servizi","status":"publish","type":"page","link":"https:\/\/www.elmi-srl.com\/it\/servizi\/","title":{"rendered":"servizi"},"content":{"rendered":"<div class=\"wpb-content-wrapper\">[vc_row row_type=&#8221;row&#8221; text_align=&#8221;left&#8221; css_animation=&#8221;&#8221;][vc_column][vc_separator type=&#8221;normal&#8221; color=&#8221;#ff0000&#8243; thickness=&#8221;1&#8243; up=&#8221;0&#8243; down=&#8221;32&#8243;][\/vc_column][\/vc_row][vc_row row_type=&#8221;row&#8221; text_align=&#8221;left&#8221; css_animation=&#8221;&#8221; css=&#8221;.vc_custom_1445848360764{margin-right: 150px !important;margin-left: 150px !important;}&#8221;][vc_column][vc_separator type=&#8221;normal&#8221; thickness=&#8221;1&#8243; down=&#8221;0&#8243;][vc_accordion style=&#8221;accordion_with_icon&#8221;][vc_accordion_tab title=&#8221;SERVIZIO DI CONSULENZA&#8221; icon=&#8221;fa-comments-o&#8221; icon_color=&#8221;#ff0000&#8243;][vc_column_text]\n<p style=\"text-align: justify;\">La nostra ventennale esperienza \u00e8 al vostro servizio, vogliamo darvi il benvenuto ed assistervi per ogni vostra esigenza per l&#8217;impianto elettrico dell&#8217;ascensore.<\/p>\n<p style=\"text-align: justify;\">La nostra Societ\u00e0 lavora con i pi\u00f9 importanti costruttori di ascensori, manutentori e distributori di componenti per ascensori. La nostra esperienza nella costruzione di impianti elettrici per ascensori rimane insuperabile da parte dei nostri concorrenti.\u00a0Che il vostro bisogno\u00a0sia per un impianto Home Lift o gestire i sistemi di trasporto verticale di un intero palazzo, siamo preparati a fornire la soluzione elettrica che vi aspettate. Abbiamo l&#8217;esperienza e la conoscenza necessarie per risolvere qualsiasi esigenza per i vostri impianti di elevazione.<\/p>\n[\/vc_column_text][\/vc_accordion_tab][vc_accordion_tab title=&#8221;PROGETTAZIONE&#8221; icon=&#8221;fa-desktop&#8221; icon_color=&#8221;#ff0000&#8243;][vc_column_text]\n<p style=\"text-align: justify;\">ELMI S.r.l. \u00e8 il perfetto partner attraverso tutta la fase del progetto. Abbiamo l&#8217;esperienza che vi serve nella costruzione di impianti elettrici per ascensori. Dalla pianificazione e sviluppo delle esigenze\u00a0alle specifiche personalizzate, il risultato \u00e8 un progetto professionale con il miglior rapporto qualit\u00e0-prezzo che vi serve.<\/p>\n<p style=\"text-align: justify;\">I nostri tecnici sono costantemente impegnati per fornire ai nostri Clienti le ultime innovazioni e tecnologie disponibili nel settore. I nostri progetti sono conformi agli ultimi aggiornamenti in fatto di normative, per assicurare sistemi elettrici sicuri ed efficienti.<\/p>\n<p style=\"text-align: justify;\">Da\u00a0oltre 20 anni la nostra Societ\u00e0 \u00e8 tra le maggiori aziende di produzione del settore e una realt\u00e0 consolidata sul mercato<\/p>\n[\/vc_column_text][\/vc_accordion_tab][vc_accordion_tab title=&#8221;PRODUZIONE&#8221; icon=&#8221;fa-cogs&#8221; icon_color=&#8221;#ff0000&#8243;][vc_column_text]\n<p style=\"text-align: justify;\">I nostri prodotti sono Progettati, Costruiti e Testati all&#8217;interno dei nostri stabilimenti. Ogni singolo componente viene controllato dai nostri tecnici e ogni parte del nostro processo produttivo viene immagazzinata nei nostri sistemi.<\/p>\n<p style=\"text-align: justify;\">Alla fine della produzione tutti i sistemi vengono testati per garantire ai nostri clienti il corretto\u00a0funzionamento dei propri impianti di elevazione.<\/p>\n<p style=\"text-align: justify;\">Tutti i sistemi elettrici sono certificati e conformi alle leggi e norme vigenti.<\/p>\n[\/vc_column_text][\/vc_accordion_tab][vc_accordion_tab title=&#8221;SERVIZIO CLIENTI&#8221; icon=&#8221;fa-phone&#8221; icon_color=&#8221;#ff0000&#8243;][vc_column_text]\n<p style=\"text-align: justify;\">Ci prendiamo cura delle esigenze dei nostri Clienti fornendo un servizio professionale, disponibile e di alta qualit\u00e0 dopo che tutte le richieste del Cliente vengono soddisfatte.<\/p>\n<p style=\"text-align: justify;\">Servizio Clienti \u00e8 soddisfare le esigenze e i desideri di tutti i nostri clienti attraverso:<\/p>\n<p style=\"text-align: justify;\"><strong>Prontezza:\u00a0<\/strong>la promessa di una risposta deve essere garantita, ritardi ed indisponibilit\u00e0 devono essere evitati.<\/p>\n<p style=\"text-align: justify;\"><strong>Attenzione:<\/strong> la capacit\u00e0 di ascoltare il cliente \u00e8 fondamentale per fornire un ottimo servizio.<\/p>\n<p style=\"text-align: justify;\"><strong>Professionalit\u00e0:<\/strong> capacit\u00e0 di comunicazione, vogliamo essere sicuri di capire il problema nel minor tempo possibile.<\/p>\n<p style=\"text-align: justify;\"><strong>Conoscenza:\u00a0<\/strong>solo conoscendo il prodotto in ogni suo dettaglio possiamo aiutare il Cliente a risolvere i problemi.<\/p>\n[\/vc_column_text][\/vc_accordion_tab][\/vc_accordion][\/vc_column][\/vc_row][vc_row row_type=&#8221;row&#8221; text_align=&#8221;left&#8221; css_animation=&#8221;&#8221;][vc_column][vc_empty_space][\/vc_column][\/vc_row][vc_row row_type=&#8221;row&#8221; text_align=&#8221;left&#8221; css_animation=&#8221;&#8221; css=&#8221;.vc_custom_1445848671734{margin-right: 70px !important;margin-left: 70px !important;}&#8221;][vc_column width=&#8221;1\/3&#8243;]<span class=\"custom_font_holder\" style=\" font-size: 20px; font-style: normal; font-weight: 0; text-decoration: none; text-align: center;\">ELMI Progetta, Produce e fornisce Assistenza per:<\/span>[vc_separator type=&#8221;small&#8221; position=&#8221;center&#8221; thickness=&#8221;1&#8243; up=&#8221;25&#8243; down=&#8221;25&#8243;]<div class='q_list circle animate_list'>\n<ul>\n<li>Quadri di Manovra per Ascensori<\/li>\n<li>Bottoniere e Componenti per Bottoniere<\/li>\n<li>Linee di Vano<\/li>\n<li>Sistemi Elettrici Precablati per Ascensori<\/li>\n<\/ul>\n<\/div>[\/vc_column][vc_column width=&#8221;1\/3&#8243;]<span class=\"custom_font_holder\" style=\" font-size: 20px; font-style: normal; font-weight: 0; text-decoration: none; text-align: center;\">La Fornitura Include:<\/span>[vc_separator type=&#8221;small&#8221; position=&#8221;center&#8221; thickness=&#8221;1&#8243; up=&#8221;25&#8243; down=&#8221;25&#8243;]<div class='q_list circle animate_list'>\n<ul>\n<li>Manuali dei Prodotti<\/li>\n<li>Specifiche Tecniche<\/li>\n<li>Brochure<\/li>\n<li>Normative<\/li>\n<\/ul>\n<\/div>[\/vc_column][vc_column width=&#8221;1\/3&#8243;]<span class=\"custom_font_holder\" style=\" font-size: 20px; font-style: normal; text-decoration: none; text-align: center;\">VANTAGGI<\/span>[vc_separator type=&#8221;small&#8221; position=&#8221;center&#8221; thickness=&#8221;1&#8243; up=&#8221;25&#8243; down=&#8221;25&#8243;]<div class='q_list circle animate_list'>\n<ul>\n<li>\n<h4>Un Singolo Fornitore<\/h4>\n<\/li>\n<li>\n<h4>Un Singolo Ordine<\/h4>\n<\/li>\n<li>\n<h4>Una Singola Fattura<\/h4>\n<\/li>\n<li>\n<h4>Una Singola Spedizione<\/h4>\n<\/li>\n<li>\n<h4>Sistemi Completi e Testati<\/h4>\n<\/li>\n<\/ul>\n<\/div>[\/vc_column][\/vc_row][vc_row row_type=&#8221;row&#8221; text_align=&#8221;left&#8221; css_animation=&#8221;&#8221; css=&#8221;.vc_custom_1435060332503{margin-right: 15px !important;margin-left: 15px !important;}&#8221;][vc_column][vc_separator type=&#8221;full_width&#8221; color=&#8221;#ff0000&#8243; thickness=&#8221;2&#8243; up=&#8221;35&#8243; down=&#8221;35&#8243;][\/vc_column][\/vc_row][vc_row row_type=&#8221;row&#8221; text_align=&#8221;left&#8221; css_animation=&#8221;&#8221; css=&#8221;.vc_custom_1437741758451{margin-right: 30px !important;margin-left: 30px !important;}&#8221;][vc_column]<div class=\"avt_masterslider_el \" >\n\t\t<!-- MasterSlider -->\n\t\t<div id=\"P_MS562df8b44cd12\" class=\"master-slider-parent ms-caro3d-template ms-parent-id-3\" style=\"max-width:100%;\"  >\n\n\t\t\t\n\t\t\t<!-- MasterSlider Main -->\n\t\t\t<div id=\"MS562df8b44cd12\" class=\"master-slider ms-skin-default\" >\n\t\t\t\t \t\t\t\t \n\t\t\t\t<div  class=\"ms-slide\" data-delay=\"3\" data-fill-mode=\"fit\"  >\n\t\t\t\t\t<img decoding=\"async\" src=\"http:\/\/www.elmi-srl.com\/wp-content\/plugins\/masterslider\/public\/assets\/css\/blank.gif\" alt=\"\" title=\"\" data-src=\"http:\/\/www.elmi-srl.com\/wp-content\/uploads\/2015\/06\/ServSlide1.png\" \/>\n\n\n\t\t\t\t<\/div>\n\t\t\t\t<div  class=\"ms-slide\" data-delay=\"3\" data-fill-mode=\"fill\"  >\n\t\t\t\t\t<img decoding=\"async\" src=\"http:\/\/www.elmi-srl.com\/wp-content\/plugins\/masterslider\/public\/assets\/css\/blank.gif\" alt=\"\" title=\"\" data-src=\"http:\/\/www.elmi-srl.com\/wp-content\/uploads\/2015\/06\/ServSlide2.png\" \/>\n\n\n\t\t\t\t<\/div>\n\t\t\t\t<div  class=\"ms-slide\" data-delay=\"3\" data-fill-mode=\"fill\"  >\n\t\t\t\t\t<img decoding=\"async\" src=\"http:\/\/www.elmi-srl.com\/wp-content\/plugins\/masterslider\/public\/assets\/css\/blank.gif\" alt=\"\" title=\"\" data-src=\"http:\/\/www.elmi-srl.com\/wp-content\/uploads\/2015\/06\/ServSlide3.png\" \/>\n\n\n\t\t\t\t<\/div>\n\t\t\t\t<div  class=\"ms-slide\" data-delay=\"3\" data-fill-mode=\"fill\"  >\n\t\t\t\t\t<img decoding=\"async\" src=\"http:\/\/www.elmi-srl.com\/wp-content\/plugins\/masterslider\/public\/assets\/css\/blank.gif\" alt=\"\" title=\"\" data-src=\"http:\/\/www.elmi-srl.com\/wp-content\/uploads\/2015\/06\/ServSlide4.png\" \/>\n\n\n\t\t\t\t<\/div>\n\t\t\t\t<div  class=\"ms-slide\" data-delay=\"3\" data-fill-mode=\"fill\"  >\n\t\t\t\t\t<img decoding=\"async\" src=\"http:\/\/www.elmi-srl.com\/wp-content\/plugins\/masterslider\/public\/assets\/css\/blank.gif\" alt=\"\" title=\"\" data-src=\"http:\/\/www.elmi-srl.com\/wp-content\/uploads\/2015\/06\/ServSlide5.png\" \/>\n\n\n\t\t\t\t<\/div>\n\n\t\t\t<\/div>\n\t\t\t<!-- END MasterSlider Main -->\n\n\t\t\t \n\t\t<\/div>\n\t\t<!-- END MasterSlider -->\n\n\t\t<script>\n\t\t(function ( $ ) {\n\t\t\t\"use strict\";\n\n\t\t\t$(function () {\n\t\t\t\tvar masterslider_cd12 = new MasterSlider();\n\n\t\t\t\t\/\/ slider controls\n\t\t\t\t\/\/ slider setup\n\t\t\t\tmasterslider_cd12.setup(\"MS562df8b44cd12\", {\n\t\t\t\t\t\twidth           : 300,\n\t\t\t\t\t\theight          : 200,\n\t\t\t\t\t\tminHeight       : 0,\n\t\t\t\t\t\tspace           : 0,\n\t\t\t\t\t\tstart           : 1,\n\t\t\t\t\t\tgrabCursor      : false,\n\t\t\t\t\t\tswipe           : false,\n\t\t\t\t\t\tmouse           : false,\n\t\t\t\t\t\tkeyboard        : false,\n\t\t\t\t\t\tlayout          : \"partialview\",\n\t\t\t\t\t\twheel           : false,\n\t\t\t\t\t\tautoplay        : true,\n\t\t\t\t\t\tinstantStartLayers:false,\n\t\t\t\t\t\tloop            : true,\n\t\t\t\t\t\tshuffle         : false,\n\t\t\t\t\t\tpreload         : 0,\n\t\t\t\t\t\theightLimit     : true,\n\t\t\t\t\t\tautoHeight      : false,\n\t\t\t\t\t\tsmoothHeight    : true,\n\t\t\t\t\t\tendPause        : false,\n\t\t\t\t\t\toverPause       : false,\n\t\t\t\t\t\tfillMode        : \"fill\",\n\t\t\t\t\t\tcenterControls  : true,\n\t\t\t\t\t\tstartOnAppear   : false,\n\t\t\t\t\t\tlayersMode      : \"center\",\n\t\t\t\t\t\tautofillTarget  : \"\",\n\t\t\t\t\t\thideLayers      : false,\n\t\t\t\t\t\tfullscreenMargin: 0,\n\t\t\t\t\t\tspeed           : 20,\n\t\t\t\t\t\tdir             : \"h\",\n\t\t\t\t\t\tparallaxMode    : 'swipe',\n\t\t\t\t\t\tview            : \"flow\"\n\t\t\t\t});\n\n\n\t\t\t\t\n\t\t\t\twindow.masterslider_instances = window.masterslider_instances || [];\n\t\t\t\twindow.masterslider_instances.push( masterslider_cd12 );\n\t\t\t });\n\n\t\t})(jQuery);\n\t\t<\/script>\n\n<\/div>[\/vc_column][\/vc_row][vc_row row_type=&#8221;row&#8221; text_align=&#8221;left&#8221; css_animation=&#8221;&#8221; css=&#8221;.vc_custom_1435060332503{margin-right: 15px !important;margin-left: 15px !important;}&#8221;][vc_column][vc_separator type=&#8221;full_width&#8221; color=&#8221;#ff0000&#8243; thickness=&#8221;2&#8243; up=&#8221;35&#8243; down=&#8221;20&#8243;][\/vc_column][\/vc_row][vc_row row_type=&#8221;row&#8221; text_align=&#8221;left&#8221; css_animation=&#8221;&#8221;][vc_column width=&#8221;1\/6&#8243;][\/vc_column][vc_column width=&#8221;2\/6&#8243;]<span class=\"custom_font_holder\" style=\" font-size: 26px; font-style: normal; font-weight: 100; text-decoration: none; text-align: left;\">I NOSTRI PRODOTTI<\/span>[\/vc_column][vc_column width=&#8221;2\/6&#8243;][\/vc_column][vc_column width=&#8221;1\/6&#8243;][\/vc_column][\/vc_row][vc_row row_type=&#8221;row&#8221; text_align=&#8221;left&#8221; css_animation=&#8221;&#8221;][vc_column][vc_empty_space height=&#8221;42px&#8221;][\/vc_column][\/vc_row][vc_row row_type=&#8221;row&#8221; text_align=&#8221;left&#8221; css_animation=&#8221;&#8221; css=&#8221;.vc_custom_1445850538278{margin-right: 100px !important;margin-left: 100px !important;}&#8221;][vc_column width=&#8221;1\/3&#8243;]<div class=\"avt_masterslider_el \" ><h2>Quadri di Manovra per Ascensori<\/h2>\n\t\t<!-- MasterSlider -->\n\t\t<div id=\"P_MS562df8b453a73\" class=\"master-slider-parent ms-parent-id-24\" style=\"max-width:200px;\"  >\n\n\t\t\t\n\t\t\t<!-- MasterSlider Main -->\n\t\t\t<div id=\"MS562df8b453a73\" class=\"master-slider ms-skin-default\" >\n\t\t\t\t \t\t\t\t \n\t\t\t\t<div  class=\"ms-slide\"  data-fill-mode=\"fill\"  >\n\t\t\t\t\t<img decoding=\"async\" src=\"http:\/\/www.elmi-srl.com\/wp-content\/plugins\/masterslider\/public\/assets\/css\/blank.gif\" alt=\"\" title=\"\" data-src=\"http:\/\/www.elmi-srl.com\/wp-content\/uploads\/2015\/06\/QmIconaRoundOk-200x200.png\" \/>\n\n\t\t\t\t\t<a  class=\"ms-layer\" href=\"http:\/\/www.elmi-srl.com\/it\/prodotti\" target=\"_self\"   >\n\t<img decoding=\"async\" src=\"http:\/\/www.elmi-srl.com\/wp-content\/plugins\/masterslider\/public\/assets\/css\/blank.gif\" data-src=\"http:\/\/www.elmi-srl.com\/wp-content\/uploads\/2015\/06\/QmIconaRoundOk.png\" alt=\"\" style=\"width:200px;height:200px;\"    data-ease=\"easeOutQuint\"      data-fixed=\"true\" data-type=\"image\"  data-offset-x=\"0\" data-offset-y=\"0\" data-origin=\"mc\" data-position=\"fixed\"  \/>\n<\/a>\n\n\n\t\t\t\t<\/div>\n\n\t\t\t<\/div>\n\t\t\t<!-- END MasterSlider Main -->\n\n\t\t\t \n\t\t<\/div>\n\t\t<!-- END MasterSlider -->\n\n\t\t<script>\n\t\t(function ( $ ) {\n\t\t\t\"use strict\";\n\n\t\t\t$(function () {\n\t\t\t\tvar masterslider_3a73 = new MasterSlider();\n\n\t\t\t\t\/\/ slider controls\n\t\t\t\t\/\/ slider setup\n\t\t\t\tmasterslider_3a73.setup(\"MS562df8b453a73\", {\n\t\t\t\t\t\twidth           : 200,\n\t\t\t\t\t\theight          : 200,\n\t\t\t\t\t\tminHeight       : 0,\n\t\t\t\t\t\tspace           : 0,\n\t\t\t\t\t\tstart           : 1,\n\t\t\t\t\t\tgrabCursor      : false,\n\t\t\t\t\t\tswipe           : false,\n\t\t\t\t\t\tmouse           : false,\n\t\t\t\t\t\tkeyboard        : false,\n\t\t\t\t\t\tlayout          : \"boxed\",\n\t\t\t\t\t\twheel           : false,\n\t\t\t\t\t\tautoplay        : false,\n\t\t\t\t\t\tinstantStartLayers:false,\n\t\t\t\t\t\tloop            : false,\n\t\t\t\t\t\tshuffle         : false,\n\t\t\t\t\t\tpreload         : 0,\n\t\t\t\t\t\theightLimit     : true,\n\t\t\t\t\t\tautoHeight      : false,\n\t\t\t\t\t\tsmoothHeight    : true,\n\t\t\t\t\t\tendPause        : false,\n\t\t\t\t\t\toverPause       : false,\n\t\t\t\t\t\tfillMode        : \"fill\",\n\t\t\t\t\t\tcenterControls  : true,\n\t\t\t\t\t\tstartOnAppear   : false,\n\t\t\t\t\t\tlayersMode      : \"center\",\n\t\t\t\t\t\tautofillTarget  : \"\",\n\t\t\t\t\t\thideLayers      : false,\n\t\t\t\t\t\tfullscreenMargin: 0,\n\t\t\t\t\t\tspeed           : 20,\n\t\t\t\t\t\tdir             : \"h\",\n\t\t\t\t\t\tparallaxMode    : 'swipe',\n\t\t\t\t\t\tview            : \"basic\"\n\t\t\t\t});\n\n\n\t\t\t\t\n\t\t\t\twindow.masterslider_instances = window.masterslider_instances || [];\n\t\t\t\twindow.masterslider_instances.push( masterslider_3a73 );\n\t\t\t });\n\n\t\t})(jQuery);\n\t\t<\/script>\n\n<\/div>[\/vc_column][vc_column width=&#8221;1\/3&#8243;]<div class=\"avt_masterslider_el \" ><h2>Sistemi Precablati per Ascensori<\/h2>\n\t\t<!-- MasterSlider -->\n\t\t<div id=\"P_MS562df8b4566ee\" class=\"master-slider-parent ms-parent-id-25\" style=\"max-width:200px;\"  >\n\n\t\t\t\n\t\t\t<!-- MasterSlider Main -->\n\t\t\t<div id=\"MS562df8b4566ee\" class=\"master-slider ms-skin-default\" >\n\t\t\t\t \t\t\t\t \n\t\t\t\t<div  class=\"ms-slide\"  data-fill-mode=\"fill\"  >\n\n\t\t\t\t\t<a  class=\"ms-layer\" href=\"http:\/\/www.elmi-srl.com\/it\/prodotti\/\" target=\"_self\"   >\n\t<img decoding=\"async\" src=\"http:\/\/www.elmi-srl.com\/wp-content\/plugins\/masterslider\/public\/assets\/css\/blank.gif\" data-src=\"http:\/\/www.elmi-srl.com\/wp-content\/uploads\/2015\/06\/PrecIconaRoundOK.png\" alt=\"\" style=\"width:200px;height:200px;\"    data-ease=\"easeOutQuint\"      data-fixed=\"true\" data-type=\"image\"  data-offset-x=\"0\" data-offset-y=\"0\" data-origin=\"mc\" data-position=\"fixed\"  \/>\n<\/a>\n\n\n\t\t\t\t<\/div>\n\n\t\t\t<\/div>\n\t\t\t<!-- END MasterSlider Main -->\n\n\t\t\t \n\t\t<\/div>\n\t\t<!-- END MasterSlider -->\n\n\t\t<script>\n\t\t(function ( $ ) {\n\t\t\t\"use strict\";\n\n\t\t\t$(function () {\n\t\t\t\tvar masterslider_66ee = new MasterSlider();\n\n\t\t\t\t\/\/ slider controls\n\t\t\t\t\/\/ slider setup\n\t\t\t\tmasterslider_66ee.setup(\"MS562df8b4566ee\", {\n\t\t\t\t\t\twidth           : 200,\n\t\t\t\t\t\theight          : 200,\n\t\t\t\t\t\tminHeight       : 0,\n\t\t\t\t\t\tspace           : 0,\n\t\t\t\t\t\tstart           : 1,\n\t\t\t\t\t\tgrabCursor      : false,\n\t\t\t\t\t\tswipe           : false,\n\t\t\t\t\t\tmouse           : false,\n\t\t\t\t\t\tkeyboard        : false,\n\t\t\t\t\t\tlayout          : \"boxed\",\n\t\t\t\t\t\twheel           : false,\n\t\t\t\t\t\tautoplay        : false,\n\t\t\t\t\t\tinstantStartLayers:false,\n\t\t\t\t\t\tloop            : false,\n\t\t\t\t\t\tshuffle         : false,\n\t\t\t\t\t\tpreload         : 0,\n\t\t\t\t\t\theightLimit     : true,\n\t\t\t\t\t\tautoHeight      : false,\n\t\t\t\t\t\tsmoothHeight    : true,\n\t\t\t\t\t\tendPause        : false,\n\t\t\t\t\t\toverPause       : false,\n\t\t\t\t\t\tfillMode        : \"fill\",\n\t\t\t\t\t\tcenterControls  : true,\n\t\t\t\t\t\tstartOnAppear   : false,\n\t\t\t\t\t\tlayersMode      : \"center\",\n\t\t\t\t\t\tautofillTarget  : \"\",\n\t\t\t\t\t\thideLayers      : false,\n\t\t\t\t\t\tfullscreenMargin: 0,\n\t\t\t\t\t\tspeed           : 20,\n\t\t\t\t\t\tdir             : \"h\",\n\t\t\t\t\t\tparallaxMode    : 'swipe',\n\t\t\t\t\t\tview            : \"basic\"\n\t\t\t\t});\n\n\n\t\t\t\t\n\t\t\t\twindow.masterslider_instances = window.masterslider_instances || [];\n\t\t\t\twindow.masterslider_instances.push( masterslider_66ee );\n\t\t\t });\n\n\t\t})(jQuery);\n\t\t<\/script>\n\n<\/div>[\/vc_column][vc_column width=&#8221;1\/3&#8243;]<div class=\"avt_masterslider_el \" ><h2>Pulsanti e Bottoniere per Ascensori<\/h2>\n\t\t<!-- MasterSlider -->\n\t\t<div id=\"P_MS562dfb5ecf505\" class=\"master-slider-parent ms-parent-id-30\" style=\"max-width:200px;\"  >\n\n\t\t\t\n\t\t\t<!-- MasterSlider Main -->\n\t\t\t<div id=\"MS562dfb5ecf505\" class=\"master-slider ms-skin-default\" >\n\t\t\t\t \t\t\t\t \n\t\t\t\t<div  class=\"ms-slide\" data-delay=\"3\" data-fill-mode=\"fill\"  >\n\n\t\t\t\t\t<a  class=\"ms-layer\" href=\"http:\/\/www.elmi-srl.com\/it\/prodotti\/\" target=\"_self\"   >\n\t<img decoding=\"async\" src=\"http:\/\/www.elmi-srl.com\/wp-content\/plugins\/masterslider\/public\/assets\/css\/blank.gif\" data-src=\"http:\/\/www.elmi-srl.com\/wp-content\/uploads\/2015\/06\/BottIconRoundOK.png\" alt=\"\" style=\"width:200px;height:200px;\"    data-ease=\"easeOutQuint\"       data-type=\"image\"  data-offset-x=\"0\" data-offset-y=\"0\" data-origin=\"mc\" data-position=\"fixed\"  \/>\n<\/a>\n\n\n\t\t\t\t<\/div>\n\n\t\t\t<\/div>\n\t\t\t<!-- END MasterSlider Main -->\n\n\t\t\t \n\t\t<\/div>\n\t\t<!-- END MasterSlider -->\n\n\t\t<script>\n\t\t(function ( $ ) {\n\t\t\t\"use strict\";\n\n\t\t\t$(function () {\n\t\t\t\tvar masterslider_f505 = new MasterSlider();\n\n\t\t\t\t\/\/ slider controls\n\t\t\t\t\/\/ slider setup\n\t\t\t\tmasterslider_f505.setup(\"MS562dfb5ecf505\", {\n\t\t\t\t\t\twidth           : 200,\n\t\t\t\t\t\theight          : 200,\n\t\t\t\t\t\tminHeight       : 0,\n\t\t\t\t\t\tspace           : 0,\n\t\t\t\t\t\tstart           : 1,\n\t\t\t\t\t\tgrabCursor      : true,\n\t\t\t\t\t\tswipe           : true,\n\t\t\t\t\t\tmouse           : true,\n\t\t\t\t\t\tkeyboard        : false,\n\t\t\t\t\t\tlayout          : \"boxed\",\n\t\t\t\t\t\twheel           : false,\n\t\t\t\t\t\tautoplay        : false,\n\t\t\t\t\t\tinstantStartLayers:false,\n\t\t\t\t\t\tloop            : false,\n\t\t\t\t\t\tshuffle         : false,\n\t\t\t\t\t\tpreload         : 0,\n\t\t\t\t\t\theightLimit     : true,\n\t\t\t\t\t\tautoHeight      : false,\n\t\t\t\t\t\tsmoothHeight    : true,\n\t\t\t\t\t\tendPause        : false,\n\t\t\t\t\t\toverPause       : true,\n\t\t\t\t\t\tfillMode        : \"fill\",\n\t\t\t\t\t\tcenterControls  : true,\n\t\t\t\t\t\tstartOnAppear   : false,\n\t\t\t\t\t\tlayersMode      : \"center\",\n\t\t\t\t\t\tautofillTarget  : \"\",\n\t\t\t\t\t\thideLayers      : false,\n\t\t\t\t\t\tfullscreenMargin: 0,\n\t\t\t\t\t\tspeed           : 20,\n\t\t\t\t\t\tdir             : \"h\",\n\t\t\t\t\t\tparallaxMode    : 'swipe',\n\t\t\t\t\t\tview            : \"basic\"\n\t\t\t\t});\n\n\n\t\t\t\t\n\t\t\t\twindow.masterslider_instances = window.masterslider_instances || [];\n\t\t\t\twindow.masterslider_instances.push( masterslider_f505 );\n\t\t\t });\n\n\t\t})(jQuery);\n\t\t<\/script>\n\n<\/div>[\/vc_column][\/vc_row][vc_row row_type=&#8221;row&#8221; text_align=&#8221;left&#8221; css_animation=&#8221;&#8221;][vc_column][vc_empty_space][\/vc_column][\/vc_row][vc_row row_type=&#8221;row&#8221; text_align=&#8221;left&#8221; css_animation=&#8221;&#8221;][vc_column][vc_separator type=&#8221;full_width&#8221; color=&#8221;#f00000&#8243; thickness=&#8221;1&#8243; up=&#8221;0&#8243; down=&#8221;0&#8243;][\/vc_column][\/vc_row]\n<\/div>","protected":false},"excerpt":{"rendered":"<p>[vc_row row_type=&#8221;row&#8221; text_align=&#8221;left&#8221; css_animation=&#8221;&#8221;][vc_column][vc_separator type=&#8221;normal&#8221; color=&#8221;#ff0000&#8243; thickness=&#8221;1&#8243; up=&#8221;0&#8243; down=&#8221;32&#8243;][\/vc_column][\/vc_row][vc_row row_type=&#8221;row&#8221; text_align=&#8221;left&#8221; css_animation=&#8221;&#8221; css=&#8221;.vc_custom_1445848360764{margin-right: 150px !important;margin-left: 150px !important;}&#8221;][vc_column][vc_separator type=&#8221;normal&#8221; thickness=&#8221;1&#8243; down=&#8221;0&#8243;][vc_accordion style=&#8221;accordion_with_icon&#8221;][vc_accordion_tab title=&#8221;SERVIZIO DI CONSULENZA&#8221; icon=&#8221;fa-comments-o&#8221; icon_color=&#8221;#ff0000&#8243;][vc_column_text] La nostra ventennale esperienza \u00e8 al vostro servizio, vogliamo darvi il benvenuto ed assistervi per ogni vostra esigenza per&#8230;<\/p>\n","protected":false},"author":1,"featured_media":0,"parent":0,"menu_order":0,"comment_status":"closed","ping_status":"open","template":"full_width.php","meta":{"footnotes":""},"class_list":["post-8652","page","type-page","status-publish","hentry"],"_links":{"self":[{"href":"https:\/\/www.elmi-srl.com\/it\/wp-json\/wp\/v2\/pages\/8652","targetHints":{"allow":["GET"]}}],"collection":[{"href":"https:\/\/www.elmi-srl.com\/it\/wp-json\/wp\/v2\/pages"}],"about":[{"href":"https:\/\/www.elmi-srl.com\/it\/wp-json\/wp\/v2\/types\/page"}],"author":[{"embeddable":true,"href":"https:\/\/www.elmi-srl.com\/it\/wp-json\/wp\/v2\/users\/1"}],"replies":[{"embeddable":true,"href":"https:\/\/www.elmi-srl.com\/it\/wp-json\/wp\/v2\/comments?post=8652"}],"version-history":[{"count":41,"href":"https:\/\/www.elmi-srl.com\/it\/wp-json\/wp\/v2\/pages\/8652\/revisions"}],"predecessor-version":[{"id":10527,"href":"https:\/\/www.elmi-srl.com\/it\/wp-json\/wp\/v2\/pages\/8652\/revisions\/10527"}],"wp:attachment":[{"href":"https:\/\/www.elmi-srl.com\/it\/wp-json\/wp\/v2\/media?parent=8652"}],"curies":[{"name":"wp","href":"https:\/\/api.w.org\/{rel}","templated":true}]}}