{"id":9647,"date":"2015-09-02T14:42:40","date_gmt":"2015-09-02T12:42:40","guid":{"rendered":"http:\/\/www.elmi-srl.com\/it\/?page_id=9647"},"modified":"2016-01-26T11:18:51","modified_gmt":"2016-01-26T10:18:51","slug":"multivision","status":"publish","type":"page","link":"https:\/\/www.elmi-srl.com\/it\/prodotti\/pulsanti-e-bottoniere\/display\/multivision\/","title":{"rendered":"multivision"},"content":{"rendered":"<div class=\"wpb-content-wrapper\">[vc_row row_type=&#8221;row&#8221; text_align=&#8221;left&#8221; css_animation=&#8221;&#8221;][vc_column css=&#8221;.vc_custom_1441982958558{margin-bottom: 0px !important;border-bottom-width: 0px !important;padding-bottom: 0px !important;}&#8221;][vc_separator type=&#8221;normal&#8221; thickness=&#8221;1&#8243; down=&#8221;0&#8243;][vc_accordion style=&#8221;accordion_with_icon&#8221;][vc_accordion_tab title=&#8221;prodotti | pulsanti e bottoniere | display | multivision&#8221; icon=&#8221;fa-bars&#8221;]<div class='q_list circle'>\n<ul>\n<li>\n<h4><a href=\"https:\/\/www.elmi-srl.com\/it\/prodotti\/pulsanti-e-bottoniere\/\">PULSANTI E BOTTONIERE<\/a><\/h4>\n<\/li>\n<\/ul>\n<\/div><div class='q_list circle'>\n<p style=\"padding-left: 30px;\">&#8211; <a href=\"https:\/\/www.elmi-srl.com\/it\/prodotti\/pulsanti-e-bottoniere\/rp42-rp42z\/\">RP42 | RP42Z<\/a><\/p>\n<p style=\"padding-left: 30px;\">&#8211; <a href=\"https:\/\/www.elmi-srl.com\/it\/prodotti\/pulsanti-e-bottoniere\/mp42\/\">MP42<\/a><\/p>\n<p style=\"padding-left: 30px;\">&#8211; <a href=\"https:\/\/www.elmi-srl.com\/it\/prodotti\/pulsanti-e-bottoniere\/rp63z\/\">RP63Z<\/a><\/p>\n<p style=\"padding-left: 30px;\">&#8211; ZEUS Panels<\/p>\n<p style=\"padding-left: 30px;\">&#8211; <a href=\"https:\/\/www.elmi-srl.com\/it\/prodotti\/pulsanti-e-bottoniere\/display\/\">Display<\/a><\/p>\n<\/div>[vc_empty_space height=&#8221;20px&#8221;]<div class='q_list circle'>\n<ul>\n<li>\n<h4><a href=\"https:\/\/www.elmi-srl.com\/it\/prodotti\/impianto-elettrico\/\">IMPIANTO ELETTRICO<\/a><\/h4>\n<\/li>\n<\/ul>\n<\/div><div class='q_list circle'>\n<p style=\"padding-left: 30px;\">&#8211;\u00a0<a href=\"https:\/\/www.elmi-srl.com\/it\/prodotti\/impianto-elettrico\/quadri-di-manovra\/\">Quadri di manovra<\/a><\/p>\n<p style=\"padding-left: 30px;\">&#8211;\u00a0<a href=\"https:\/\/www.elmi-srl.com\/it\/prodotti\/impianto-elettrico\/sistema-elettrico-micro-beta\/\">Sistema Micro Beta<\/a><\/p>\n<p style=\"padding-left: 30px;\">&#8211;\u00a0<a href=\"https:\/\/www.elmi-srl.com\/it\/prodotti\/impianto-elettrico\/schede-micro-beta\/\">Schede Micro Beta<\/a><\/p>\n<p style=\"padding-left: 30px;\">&#8211; VANO lux<\/p>\n<\/div>[\/vc_accordion_tab][vc_accordion_tab title=&#8221;Menu Display&#8221; icon=&#8221;fa-bars&#8221;][vc_empty_space height=&#8221;20px&#8221;]<a href=\"http:\/\/www.elmi-srl.com\/it\/prodotti\/pulsanti-e-bottoniere\/display\/7-segmenti-matrice-di-punti\/\" target=\"_self\" class=\"qbutton  tiny center\" style=\"\">7 segmenti - matrice di punti<i class=\"fa fa-chevron-right fa-lg\" style=\"\"><\/i><\/a>[vc_empty_space height=&#8221;20px&#8221;]<span class=\"custom_font_holder\" style=\" font-size: 26px; font-style: normal; text-decoration: none; text-align: left;\">\n<p style=\"font-size: 26px;\">Multivision<\/p>\n<\/span>[vc_empty_space height=&#8221;20px&#8221;]<a href=\"http:\/\/www.elmi-srl.com\/it\/prodotti\/pulsanti-e-bottoniere\/display\/vision-lcd\/\" target=\"_self\" class=\"qbutton  tiny center\" style=\"\">VISION lcd<i class=\"fa fa-chevron-right fa-lg\" style=\"\"><\/i><\/a>[vc_empty_space height=&#8221;20px&#8221;]<a href=\"http:\/\/www.elmi-srl.com\/it\/prodotti\/pulsanti-e-bottoniere\/display\/vision-color\/\" target=\"_self\" class=\"qbutton  tiny center\" style=\"\">VISION color<i class=\"fa fa-chevron-right fa-lg\" style=\"\"><\/i><\/a>[\/vc_accordion_tab][\/vc_accordion][\/vc_column][\/vc_row][vc_row row_type=&#8221;row&#8221; text_align=&#8221;left&#8221; css_animation=&#8221;&#8221;][vc_column][vc_separator type=&#8221;normal&#8221; thickness=&#8221;3&#8243;][\/vc_column][\/vc_row][vc_row row_type=&#8221;row&#8221; text_align=&#8221;left&#8221; css_animation=&#8221;&#8221;][vc_column width=&#8221;1\/2&#8243;][vc_empty_space height=&#8221;40px&#8221;][vc_single_image image=&#8221;8924&#8243; img_size=&#8221;full&#8221; alignment=&#8221;center&#8221;][\/vc_column][vc_column width=&#8221;1\/2&#8243;][vc_single_image image=&#8221;8926&#8243; img_size=&#8221;medium&#8221; alignment=&#8221;center&#8221;][\/vc_column][\/vc_row][vc_row row_type=&#8221;row&#8221; text_align=&#8221;left&#8221; css_animation=&#8221;&#8221;][vc_column][vc_empty_space height=&#8221;25px&#8221;][\/vc_column][\/vc_row][vc_row row_type=&#8221;row&#8221; text_align=&#8221;left&#8221; css_animation=&#8221;&#8221;][vc_column][vc_separator type=&#8221;small&#8221; position=&#8221;center&#8221; thickness=&#8221;1&#8243; up=&#8221;0&#8243; down=&#8221;10&#8243;][\/vc_column][\/vc_row][vc_row row_type=&#8221;row&#8221; text_align=&#8221;left&#8221; css_animation=&#8221;&#8221;][vc_column][vc_empty_space height=&#8221;25px&#8221;][\/vc_column][\/vc_row][vc_row row_type=&#8221;row&#8221; text_align=&#8221;left&#8221; css_animation=&#8221;&#8221;][vc_column][vc_tabs style=&#8221;horizontal&#8221;][vc_tab title=&#8221;CARATTERISTICHE&#8221; tab_id=&#8221;b1e4f937-5092-8&#8243;][vc_row_inner row_type=&#8221;row&#8221; text_align=&#8221;left&#8221; css_animation=&#8221;&#8221;][vc_column_inner width=&#8221;1\/2&#8243;][vc_single_image image=&#8221;8926&#8243; img_size=&#8221;230&#215;114&#8243; alignment=&#8221;center&#8221;][vc_empty_space height=&#8221;25px&#8221;][\/vc_column_inner][vc_column_inner width=&#8221;1\/2&#8243;][vc_column_text]<strong>Descrizione: <\/strong>display 7 segmenti a 2 cifred+frecce direzione+simboli allarme, sovraccarico, luce emergenza (D77), diplay matrice di punti 2 cifre+frecce direzione+simboli allarme, sovraccarico, luce emergenza (D76).<\/p>\n<p><strong>Montaggio: \u00a0<\/strong>frontale con fissaggio a scatto con alette.<\/p>\n<p><strong>Alimentazione:\u00a0<\/strong>9 to 30V<\/p>\n<p><strong>Colodi display: \u00a0\u00a0<img loading=\"lazy\" decoding=\"async\" class=\"alignnone size-full wp-image-8956\" src=\"http:\/\/www.elmi-srl.com\/wp-content\/uploads\/2015\/09\/ColoriMV.png\" alt=\"ColoriMV\" width=\"40\" height=\"20\" \/><\/strong><\/p>\n<p><strong>Polarit\u00e0:\u00a0<\/strong>comune Positivo \/ comune Negativo<\/p>\n<p><strong>Indicatori\u00a0e simboli:<\/strong><\/p>\n<p style=\"padding-left: 60px;\">luce emergenza: 12V, input separato +\/-<\/p>\n<p style=\"padding-left: 60px;\">allarme: 12V, input separato +\/-<\/p>\n<p style=\"padding-left: 60px;\">allarme ricevuto: 12V, input separato +\/-<\/p>\n<p style=\"padding-left: 60px;\">sovraccarico: segnale, + o &#8211;<\/p>\n[\/vc_column_text][vc_single_image image=&#8221;8952&#8243; img_size=&#8221;medium&#8221;][vc_column_text]<strong>Configurazione standard:<\/strong><\/p>\n<ul>\n<li>Decimale<\/li>\n<\/ul>\n<p style=\"padding-left: 60px;\">Comune + o &#8211;<\/p>\n<p style=\"padding-left: 60px;\">Collegamento un filo per piano (-3 a\u00a019)<\/p>\n<ul>\n<li>Binario<\/li>\n<\/ul>\n<p style=\"padding-left: 60px;\">Programmazione sequenza piani a bordo scheda<\/p>\n<p style=\"padding-left: 60px;\">con DIP switch (5 inputs &#8211; A, B, C, D, E)<\/p>\n<p><strong>Codifica:\u00a0<\/strong>1\/N, un filo per piano, Binary, Gray,\u00a0*programmazione su commessa.<\/p>\n<p><strong>Cablaggio:\u00a0<\/strong>morsetti a vite,\u00a0*morsetto a connettore.[\/vc_column_text][\/vc_column_inner][\/vc_row_inner][vc_empty_space height=&#8221;42px&#8221;][vc_row_inner row_type=&#8221;row&#8221; text_align=&#8221;left&#8221; css_animation=&#8221;&#8221;][vc_column_inner width=&#8221;1\/2&#8243;][vc_column_text]\n<p style=\"text-align: left;\">* OPZIONE<\/p>\n[\/vc_column_text][\/vc_column_inner][vc_column_inner width=&#8221;1\/2&#8243;]\n[\/vc_column_inner][\/vc_row_inner][\/vc_tab][vc_tab title=&#8221;DIMENSIONI e CABLAGGIO&#8221; tab_id=&#8221;5aee3ed7-e366-7&#8243;][vc_single_image image=&#8221;9651&#8243; img_size=&#8221;full&#8221; alignment=&#8221;center&#8221;][\/vc_tab][vc_tab title=&#8221;DOWNLOAD&#8221; tab_id=&#8221;1441356789788-2-5&#8243;][vc_row_inner row_type=&#8221;row&#8221; text_align=&#8221;left&#8221; css_animation=&#8221;&#8221;][vc_column_inner width=&#8221;1\/2&#8243;]<span class=\"custom_font_holder\" style=\" font-size: 26px; font-style: normal; text-decoration: none; text-align: center;\">\n<p>Brochure prodotto<\/p>\n<\/span>[\/vc_column_inner][vc_column_inner width=&#8221;1\/2&#8243;][vc_single_image image=&#8221;10336&#8243; img_size=&#8221;120&#215;54&#8243; alignment=&#8221;center&#8221; onclick=&#8221;custom_link&#8221; img_link_target=&#8221;_blank&#8221; link=&#8221;http:\/\/www.elmi-srl.com\/wp-content\/uploads\/2015\/10\/D76.pdf&#8221;][\/vc_column_inner][\/vc_row_inner][\/vc_tab][\/vc_tabs][\/vc_column][\/vc_row][vc_row row_type=&#8221;row&#8221; text_align=&#8221;left&#8221; css_animation=&#8221;&#8221;][vc_column][vc_separator type=&#8221;normal&#8221; thickness=&#8221;3&#8243; up=&#8221;25&#8243; down=&#8221;25&#8243;][\/vc_column][\/vc_row][vc_row row_type=&#8221;row&#8221; text_align=&#8221;left&#8221; css_animation=&#8221;&#8221;][vc_column width=&#8221;1\/2&#8243;][vc_empty_space height=&#8221;40px&#8221;][vc_single_image image=&#8221;8943&#8243; img_size=&#8221;full&#8221; alignment=&#8221;center&#8221;][\/vc_column][vc_column width=&#8221;1\/2&#8243;][vc_single_image image=&#8221;7917&#8243; img_size=&#8221;medium&#8221; alignment=&#8221;center&#8221;][\/vc_column][\/vc_row][vc_row row_type=&#8221;row&#8221; text_align=&#8221;left&#8221; css_animation=&#8221;&#8221;][vc_column][vc_empty_space height=&#8221;25px&#8221;][\/vc_column][\/vc_row][vc_row row_type=&#8221;row&#8221; text_align=&#8221;left&#8221; css_animation=&#8221;&#8221;][vc_column][vc_separator type=&#8221;small&#8221; position=&#8221;center&#8221; thickness=&#8221;1&#8243; up=&#8221;0&#8243; down=&#8221;10&#8243;][\/vc_column][\/vc_row][vc_row row_type=&#8221;row&#8221; text_align=&#8221;left&#8221; css_animation=&#8221;&#8221;][vc_column][vc_empty_space height=&#8221;25px&#8221;][\/vc_column][\/vc_row][vc_row row_type=&#8221;row&#8221; text_align=&#8221;left&#8221; css_animation=&#8221;&#8221;][vc_column][vc_tabs style=&#8221;horizontal&#8221;][vc_tab title=&#8221;CARATTERISTICHE&#8221; tab_id=&#8221;2e28e4c4-f0ea-8&#8243;][vc_row_inner row_type=&#8221;row&#8221; text_align=&#8221;left&#8221; css_animation=&#8221;&#8221;][vc_column_inner width=&#8221;1\/2&#8243;][vc_single_image image=&#8221;8962&#8243; img_size=&#8221;300&#215;375&#8243; alignment=&#8221;center&#8221;][vc_column_text]<strong>Descrizione:\u00a0<\/strong>display multifunzione completo, 2 cifre+frecce, 7 segments or dot matrix<\/p>\n<p style=\"text-align: justify;\">Il campo centrale pu\u00f2 essere personalizzato dal cliente per Logo e\/o simboli speciali, pu\u00f2 essere suddiviso da 1 a 3 singoli campi separati secondo necessit\u00e0. Ogni campo pu\u00f2 essere impostato con un diverso colore.<\/p>\n[\/vc_column_text][vc_single_image image=&#8221;9655&#8243; img_size=&#8221;full&#8221; alignment=&#8221;center&#8221;][vc_column_text]\n<p><strong>Colori per il\/i campo\/i logo:<\/strong><\/p>\n[\/vc_column_text][vc_single_image image=&#8221;8081&#8243; img_size=&#8221;medium&#8221;][vc_column_text]\n<p><strong>Colori display:<\/strong><\/p>\n[\/vc_column_text][vc_single_image image=&#8221;8956&#8243; img_size=&#8221;full&#8221;][\/vc_column_inner][vc_column_inner width=&#8221;1\/2&#8243;][vc_column_text]<strong>Cornice:<\/strong>\u00a0ABS autoestinguente verniciato<\/p>\n<ul>\n<li>Cromo lucido<\/li>\n<li>Cromo satinato<\/li>\n<li>Nichelato satinato<\/li>\n<li>Oro lucido<\/li>\n<li>Oro satinato<\/li>\n<\/ul>\n<p><strong>Montaggio:<\/strong>\u00a0frontale a scatto con\u00a0alette.<\/p>\n<p><strong>Spessore piastra:<\/strong>\u00a0da 1mm a\u00a05mm.<\/p>\n<p><strong>Cablaggio:<\/strong> morsetti a vite, *morsetti a connettore.<\/p>\n<p><strong>Alimentazione:\u00a0<\/strong>9 to 30V[\/vc_column_text][vc_column_text]<b>Indicatori and simboli:<\/b><\/p>\n<p style=\"padding-left: 60px;\">luce emergenza: 12v, input separato\u00a0+\/-, colore bianco<\/p>\n<p style=\"padding-left: 60px;\">Allarme inviato: 12v, input separato +\/-<\/p>\n[\/vc_column_text][vc_single_image image=&#8221;8947&#8243; img_size=&#8221;40&#215;40&#8243; alignment=&#8221;center&#8221;][vc_column_text]\n<p style=\"padding-left: 60px;\">Allarme ricevuto: 12v, input separato +\/-<\/p>\n[\/vc_column_text][vc_single_image image=&#8221;8949&#8243; img_size=&#8221;40&#215;40&#8243; alignment=&#8221;center&#8221;][vc_column_text]\n<p style=\"padding-left: 60px;\">Carico eccessivo: 12v, segnale\u00a0+\/-<\/p>\n[\/vc_column_text][vc_single_image image=&#8221;8974&#8243; img_size=&#8221;40&#215;40&#8243; alignment=&#8221;center&#8221;][vc_column_text]\n<p style=\"padding-left: 60px;\">Indicazione di portata e capienza: +\/-,\u00a0colore bianco<\/p>\n<p style=\"padding-left: 60px;\">*Indicazione manovra pompieri: +\/-,\u00a0colore rosso<\/p>\n[\/vc_column_text][vc_single_image image=&#8221;8977&#8243; img_size=&#8221;60&#215;60&#8243; alignment=&#8221;center&#8221;][vc_column_text]\n<p style=\"text-align: justify;\"><strong>NOTA:<\/strong>\u00a0nel caso in cui si utilizzi la segnalazione Manovra Pompieri, verr\u00e0 utilizzata la finestra pi\u00f9 a destra del campo centrale (L2).<\/p>\n<p style=\"text-align: justify;\"><strong>*Sintesi vocale:<\/strong>\u00a0su scheda.<\/p>\n[\/vc_column_text][\/vc_column_inner][\/vc_row_inner][vc_empty_space height=&#8221;40px&#8221;][vc_row_inner row_type=&#8221;row&#8221; text_align=&#8221;left&#8221; css_animation=&#8221;&#8221;][vc_column_inner width=&#8221;1\/2&#8243;][vc_column_text]\n<p style=\"text-align: left;\">*\u00a0OPZIONE<\/p>\n[\/vc_column_text][\/vc_column_inner][vc_column_inner width=&#8221;1\/2&#8243;]\n[\/vc_column_inner][\/vc_row_inner][\/vc_tab][vc_tab title=&#8221;DIMENSIONI e CABLAGGIO&#8221; tab_id=&#8221;52046827-8152-1&#8243;][vc_single_image image=&#8221;9660&#8243; img_size=&#8221;full&#8221; alignment=&#8221;center&#8221;][vc_single_image image=&#8221;9662&#8243; img_size=&#8221;full&#8221; alignment=&#8221;center&#8221;][\/vc_tab][vc_tab title=&#8221;DOWNLOAD&#8221; tab_id=&#8221;1441360022454-2-8&#8243;][vc_row_inner row_type=&#8221;row&#8221; text_align=&#8221;left&#8221; css_animation=&#8221;&#8221;][vc_column_inner width=&#8221;1\/2&#8243;]<span class=\"custom_font_holder\" style=\" font-size: 26px; font-style: normal; text-decoration: none; text-align: center;\">\n<p>Brochure prodotto<\/p>\n<\/span>[\/vc_column_inner][vc_column_inner width=&#8221;1\/2&#8243;][vc_single_image image=&#8221;10336&#8243; img_size=&#8221;120&#215;54&#8243; alignment=&#8221;center&#8221; onclick=&#8221;custom_link&#8221; img_link_target=&#8221;_blank&#8221; link=&#8221;http:\/\/www.elmi-srl.com\/wp-content\/uploads\/2015\/10\/multivision.pdf&#8221;][\/vc_column_inner][\/vc_row_inner][\/vc_tab][\/vc_tabs][\/vc_column][\/vc_row][vc_row row_type=&#8221;row&#8221; text_align=&#8221;left&#8221; css_animation=&#8221;&#8221;][vc_column][vc_empty_space][\/vc_column][\/vc_row]\n<\/div>","protected":false},"excerpt":{"rendered":"<p>[vc_row row_type=&#8221;row&#8221; text_align=&#8221;left&#8221; css_animation=&#8221;&#8221;][vc_column css=&#8221;.vc_custom_1441982958558{margin-bottom: 0px !important;border-bottom-width: 0px !important;padding-bottom: 0px !important;}&#8221;][vc_separator type=&#8221;normal&#8221; thickness=&#8221;1&#8243; down=&#8221;0&#8243;][vc_accordion style=&#8221;accordion_with_icon&#8221;][vc_accordion_tab title=&#8221;prodotti | pulsanti e bottoniere | display | multivision&#8221; icon=&#8221;fa-bars&#8221;][vc_empty_space height=&#8221;20px&#8221;][\/vc_accordion_tab][vc_accordion_tab title=&#8221;Menu Display&#8221; icon=&#8221;fa-bars&#8221;][vc_empty_space height=&#8221;20px&#8221;][vc_empty_space height=&#8221;20px&#8221;][vc_empty_space height=&#8221;20px&#8221;][vc_empty_space height=&#8221;20px&#8221;][\/vc_accordion_tab][\/vc_accordion][\/vc_column][\/vc_row][vc_row row_type=&#8221;row&#8221; text_align=&#8221;left&#8221; css_animation=&#8221;&#8221;][vc_column][vc_separator type=&#8221;normal&#8221; thickness=&#8221;3&#8243;][\/vc_column][\/vc_row][vc_row row_type=&#8221;row&#8221; text_align=&#8221;left&#8221; css_animation=&#8221;&#8221;][vc_column width=&#8221;1\/2&#8243;][vc_empty_space height=&#8221;40px&#8221;][vc_single_image image=&#8221;8924&#8243; img_size=&#8221;full&#8221;&#8230;<\/p>\n","protected":false},"author":1,"featured_media":0,"parent":9608,"menu_order":1,"comment_status":"closed","ping_status":"open","template":"","meta":{"footnotes":""},"class_list":["post-9647","page","type-page","status-publish","hentry"],"_links":{"self":[{"href":"https:\/\/www.elmi-srl.com\/it\/wp-json\/wp\/v2\/pages\/9647","targetHints":{"allow":["GET"]}}],"collection":[{"href":"https:\/\/www.elmi-srl.com\/it\/wp-json\/wp\/v2\/pages"}],"about":[{"href":"https:\/\/www.elmi-srl.com\/it\/wp-json\/wp\/v2\/types\/page"}],"author":[{"embeddable":true,"href":"https:\/\/www.elmi-srl.com\/it\/wp-json\/wp\/v2\/users\/1"}],"replies":[{"embeddable":true,"href":"https:\/\/www.elmi-srl.com\/it\/wp-json\/wp\/v2\/comments?post=9647"}],"version-history":[{"count":14,"href":"https:\/\/www.elmi-srl.com\/it\/wp-json\/wp\/v2\/pages\/9647\/revisions"}],"predecessor-version":[{"id":10345,"href":"https:\/\/www.elmi-srl.com\/it\/wp-json\/wp\/v2\/pages\/9647\/revisions\/10345"}],"up":[{"embeddable":true,"href":"https:\/\/www.elmi-srl.com\/it\/wp-json\/wp\/v2\/pages\/9608"}],"wp:attachment":[{"href":"https:\/\/www.elmi-srl.com\/it\/wp-json\/wp\/v2\/media?parent=9647"}],"curies":[{"name":"wp","href":"https:\/\/api.w.org\/{rel}","templated":true}]}}